{"id":4677,"date":"2018-02-01T12:52:06","date_gmt":"2018-02-01T11:52:06","guid":{"rendered":"http:\/\/www.downcentar.hr\/?page_id=4677"},"modified":"2019-02-05T21:52:53","modified_gmt":"2019-02-05T20:52:53","slug":"pravo-na-pristup-informacijama","status":"publish","type":"page","link":"http:\/\/www.downcentar.hr\/hr\/pravo-na-pristup-informacijama\/","title":{"rendered":"Pravo na pristup informacijama"},"content":{"rendered":"<p style=\"text-align: center;\"><strong>Pravo na pristup informacijama i ponovnu uporabu informacija Down syndrome centar Pula<\/strong><\/p>\n<p>Temeljem \u010dlanka 3. Zakona o pravu na pristup informacijama (\u00bbNarodne novine\u00ab, broj 25\/13) ure\u0111eno je pravo na pristup informacijama fizi\u010dkim i pravnim osobama putem otvorenosti i javnosti djelovanja tijela javne vlasti.<\/p>\n<p>Pravo na pristup informacijama i ponovnu uporabu informacija obuhva\u0107a pravo korisnika na tra\u017eenje i dobivanje informacije kao i obvezu tijela javne vlasti da omogu\u0107i pristup zatra\u017eenoj informaciji, odnosno da objavljuje informacije neovisno o postavljenom zahtjevu kada takvo objavljivanje proizlazi iz obveze odre\u0111ene zakonom ili drugim propisom.<\/p>\n<p>Pravo na pristup informacijama i ponovnu uporabu informacija ure\u0111eno je i ostvaruje se u skladu sa Zakonom o pravu na pristup informacijama (\u00bbNarodne novine\u00ab, broj 25\/13). Zakonom se propisuju na\u010dela prava na pristup informacijama i ponovnu uporabu informacija, ograni\u010denja prava na pristup informacijama i ponovnu uporabu informacija, postupak za ostvarivanje i za\u0161titu prava na pristup informacijama i ponovnu uporabu informacija.<\/p>\n<p><strong>Slu\u017ebenik za informiranje<\/strong><\/p>\n<p>DSC Pula javnost informira putem slu\u017ebene web stranice dokumentima i informacijama koje posjeduje i koji su javno dostupni u elektroni\u010dkom obliku i mogu\u0107e im je pristupiti bez upu\u0107ivanja posebnog zahtjeva, a pristup svim ostalim informacijama i dokumentima ostvaruje se podno\u0161enjem usmenog ili pisanog zahtjeva.<\/p>\n<p>Pravo na pristup informacijama i ponovnu uporabu informacija ostvaruje se podno\u0161enjem zahtjeva slu\u017ebeniku za informiranje<\/p>\n<p><a href=\"http:\/\/www.downcentar.hr\/wp-content\/uploads\/2018\/02\/Odluka-povjerenik-za-informiranje.pdf\">Odluka &#8211; povjerenik za informiranje<\/a><\/p>\n<p><strong>Naknada za pristup informacijama<\/strong><\/p>\n<p>DSC Pula ima pravo na naknadu stvarnih materijalnih tro\u0161kova koji nastanu pru\u017eanjem informacije korisniku prava na pristup informacijama i ponovnu uporabu informacija, kao i na naknadu tro\u0161kova dostave tra\u017eene informacije, koja se napla\u0107uje sukladno kriteriju za odre\u0111ivanje visine naknade stvarnih materijalnih tro\u0161kova i tro\u0161kova dostave informacije (dalje u tekstu: Kriterij) na temelju \u010dlanka 19. stavka 2. Zakona o pravu na pristup informacijama (\u00bbNarodne novine\u00ab, broj 25\/13).<\/p>\n<p><strong>NAPOMENA:<\/strong><\/p>\n<p><strong>Pravo na pristup informacijama ure\u0111uju:<\/strong><\/p>\n<p><strong>Op\u0107i propisi<\/strong><\/p>\n<p>\u2022 Zakon o pravu na pristup informacijama (\u00bbNarodne novine\u00ab, broj 25\/13),<br \/>\n\u2022 Zakon o za\u0161titi osobnih podataka (\u00bbNarodne novine\u00ab, broj 103\/03, 118\/06, 41\/08, 130\/11, 106\/12),<br \/>\n\u2022 Zakon o tajnosti podataka (\u00bbNarodne novine\u00ab, broj 79\/07, 86\/12),<br \/>\n\u2022 Zakon o za\u0161titi tajnosti podataka (\u00bbNarodne novine\u00ab, broj 108\/96, 79\/07),<br \/>\n\u2022 Zakon o medijima (\u00bbNarodne novine\u00ab, broj 59\/04, 84\/11, 81\/13),<br \/>\n\u2022 Zakon o arhivskom gradivu i arhivima (\u00bbNarodne novine\u00ab, broj 105\/97, 64\/00, 65\/09, 144\/12),<br \/>\n\u2022 Zakon o sustavu dr\u017eavne uprave u odnosima uprave i gra\u0111ana (\u00bbNarodne novine\u00ab, broj 150\/11, 12\/13),<br \/>\n\u2022 Pravilnik o Sredi\u0161njem katalogu slu\u017ebenih dokumenata Republike Hrvatske (\u00bbNarodne novine\u00ab, broj 83\/14),<br \/>\n\u2022 Pravilnik o ustroju, sadr\u017eaju i na\u010dinu vo\u0111enja slu\u017ebenog Upisnika o ostvarivanju prava na pristup informacijama i ponovnu uporabu informacija (\u00bbNarodne novine\u00ab, broj 83\/14),<br \/>\n\u2022 Kriterij za odre\u0111ivanje visine naknadne stvarnih materijalnih tro\u0161kova i tro\u0161kova dostave informacije (\u00bbNarodne novine\u00ab, broj 12\/14),<br \/>\n\u2022 Popis tijela javne vlasti za 2010. godinu (\u00bbNarodne novine\u00ab, broj 19\/10).<\/p>\n<p><strong>Propisi EU<\/strong><\/p>\n<p>\u2022 Direktiva 2003\/98\/EZ Europskog parlamenta i Vije\u0107a od 17. studenog 2003. o ponovnoj uporabi informacija javnog sektora,<br \/>\n\u2022 Uredba 1049\/2001 Europskog parlamenta i Vije\u0107a od 30. svibnja 2001. o javnom pristupu dokumentima Europskog parlamenta, Vije\u0107a i Komisije.<\/p>\n<p><strong>Interni akti<\/strong><\/p>\n<p>\u2022 Odluka o imenovanju slu\u017ebenika za informiranje,<\/p>\n<p>\u2022 Odluka o ustrojavanju slu\u017ebenog Upisnika o ostvarivanju prava na pristup informacijama,<\/p>\n<p>\u2022 Slu\u017ebeni Upisnik o zahtjevima, postupcima i odlukama o ostvarivanju prava na pristup informacijama i ponovnu uporabu informacija,<\/p>\n<p style=\"text-align: center;\">DOKUMENTI<\/p>\n<p style=\"text-align: center;\"><a href=\"http:\/\/www.downcentar.hr\/wp-content\/uploads\/2018\/02\/Odluka-povjerenik-za-informiranje.pdf\">Odluka &#8211; povjerenik za informiranje<\/a><\/p>\n<p style=\"text-align: center;\"><a href=\"http:\/\/www.downcentar.hr\/wp-content\/uploads\/2019\/02\/Godisnje_izvjesce.pdf\">Izvje\u0161\u0107e o provedbi Zakona o pravu na pristup informacijama za 2018. godinu<\/a><\/p>\n<p style=\"text-align: center;\"><a href=\"http:\/\/www.downcentar.hr\/wp-content\/uploads\/2019\/02\/Godisnje_izvjesce.csv\">Godi\u0161nje izvje\u0161\u0107e 2018. god.<\/a><\/p>\n","protected":false},"excerpt":{"rendered":"<p>Pravo na pristup informacijama i ponovnu uporabu informacija Down syndrome centar Pula Temeljem \u010dlanka 3. Zakona o pravu na pristup informacijama (\u00bbNarodne novine\u00ab, broj 25\/13) ure\u0111eno je pravo na pristup informacijama fizi\u010dkim i pravnim osobama putem otvorenosti i javnosti djelovanja tijela javne vlasti. Pravo na pristup informacijama i ponovnu uporabu informacija obuhva\u0107a pravo korisnika na tra\u017eenje i dobivanje informacije kao i obvezu tijela javne vlasti da omogu\u0107i pristup zatra\u017eenoj informaciji, odnosno da objavljuje informacije neovisno o postavljenom zahtjevu kada takvo objavljivanje proizlazi iz obveze odre\u0111ene zakonom ili drugim propisom. Pravo na pristup informacijama i ponovnu uporabu informacija ure\u0111eno je i ostvaruje se u skladu sa Zakonom o pravu na pristup informacijama (\u00bbNarodne novine\u00ab, broj 25\/13). Zakonom se propisuju na\u010dela prava na pristup informacijama i ponovnu uporabu informacija, ograni\u010denja prava na pristup informacijama i ponovnu uporabu informacija, postupak za ostvarivanje i za\u0161titu prava na pristup informacijama i ponovnu uporabu informacija. Slu\u017ebenik za informiranje DSC Pula javnost informira putem slu\u017ebene web stranice dokumentima i informacijama koje posjeduje i koji su javno dostupni u elektroni\u010dkom obliku i mogu\u0107e im je pristupiti bez upu\u0107ivanja posebnog zahtjeva, a pristup svim ostalim informacijama i dokumentima ostvaruje se podno\u0161enjem usmenog ili pisanog zahtjeva. Pravo na pristup informacijama [&#8230;]<\/p>\n","protected":false},"author":1,"featured_media":0,"parent":0,"menu_order":0,"comment_status":"closed","ping_status":"closed","template":"","meta":{"pgc_sgb_lightbox_settings":"","jetpack_post_was_ever_published":false,"footnotes":""},"aioseo_notices":[],"jetpack_sharing_enabled":true,"jetpack_shortlink":"https:\/\/wp.me\/P78Mt7-1dr","jetpack-related-posts":[{"id":213,"url":"http:\/\/www.downcentar.hr\/hr\/upute-za-dolazak\/","url_meta":{"origin":4677,"position":0},"title":"Upute za dolazak","author":"admin","date":"10\/12\/2015","format":false,"excerpt":"1. Roditelji dogovaraju termin rehabilitacije sa DSC Pula. Po\u0161aljite nam upit o slobodnom terminu putem web stranice ili nas kontaktirajte telefonom. 2. Nakon dogovora termina rehabilitacije sa DSC Pula podnesite zahtjev za rehabilitaciju\u00a0 nadle\u017enom Centru za socijalnu skrb. Molimo da isto u\u010dinite najkasnije 30 dana prije dolaska na rehabilitaciju a\u2026","rel":"","context":"Srodne objave","block_context":{"text":"Srodne objave","link":""},"img":{"alt_text":"","src":"","width":0,"height":0},"classes":[]},{"id":20,"url":"http:\/\/www.downcentar.hr\/hr\/o-centru\/","url_meta":{"origin":4677,"position":1},"title":"O centru","author":"admin","date":"23\/11\/2015","format":false,"excerpt":"Centar za rehabilitaciju Down syndrom centar Pula je nevladina i neprofitna ustanova socijalne skrbi osnovana 2005.godine. Prva smo i jedina ustanova te vrste u Hrvatskoj a do kraja 2015.god. je u na\u0161e habilitacijske i rehabilitacijske aktivnosti bilo uklju\u010deno vi\u0161e od 360 obitelji iz cijele Hrvatske te preko 50 obitelji iz\u2026","rel":"","context":"Srodne objave","block_context":{"text":"Srodne objave","link":""},"img":{"alt_text":"","src":"https:\/\/i0.wp.com\/www.downcentar.hr\/wp-content\/uploads\/2015\/11\/34.jpg?resize=350%2C200","width":350,"height":200,"srcset":"https:\/\/i0.wp.com\/www.downcentar.hr\/wp-content\/uploads\/2015\/11\/34.jpg?resize=350%2C200 1x, https:\/\/i0.wp.com\/www.downcentar.hr\/wp-content\/uploads\/2015\/11\/34.jpg?resize=525%2C300 1.5x"},"classes":[]},{"id":223,"url":"http:\/\/www.downcentar.hr\/hr\/termini-rezervacija\/","url_meta":{"origin":4677,"position":2},"title":"Rehabilitacijski termini","author":"admin","date":"11\/12\/2015","format":false,"excerpt":"Napomena: Rehabilitacijski termini \u2013mogu\u0107i su upiti o slobodnim terminima samo u dole navedenim datumima, izvan navedenih datuma nije\u00a0 mogu\u0107e poslati upit Upit o slobodnom terminu vr\u0161ite tako da u kalendaru kliknete na\u00a0dostupne dane, a popis slobodnih dana\/termina provjerite u tablici ispod, te ispunite polja u desnoj rubrici kao \u0161to su\u2026","rel":"","context":"Srodne objave","block_context":{"text":"Srodne objave","link":""},"img":{"alt_text":"","src":"","width":0,"height":0},"classes":[]},{"id":83,"url":"http:\/\/www.downcentar.hr\/hr\/o-down-sindromu\/","url_meta":{"origin":4677,"position":3},"title":"O Down sindromu","author":"admin","date":"02\/12\/2015","format":false,"excerpt":"Uzrok Down - ovog sindroma otkrio je 1959. godine francuski geneti\u010dar, prof . Jerome Lejeune . Na 21. paru kromosoma otkrio je jo\u0161 jedan kromosom vi\u0161ka, umjesto 2, tu se nalazilo 3 kromosoma, a u cijeloj stanici umjesto 46, ukupno 47 kromosoma. Takav poreme\u0107aj nalazi se kod svakog \u010dovjeka s\u2026","rel":"","context":"Srodne objave","block_context":{"text":"Srodne objave","link":""},"img":{"alt_text":"","src":"https:\/\/i0.wp.com\/www.downcentar.hr\/wp-content\/uploads\/2015\/12\/down-djvojcica.jpg?resize=350%2C200","width":350,"height":200,"srcset":"https:\/\/i0.wp.com\/www.downcentar.hr\/wp-content\/uploads\/2015\/12\/down-djvojcica.jpg?resize=350%2C200 1x, https:\/\/i0.wp.com\/www.downcentar.hr\/wp-content\/uploads\/2015\/12\/down-djvojcica.jpg?resize=525%2C300 1.5x, https:\/\/i0.wp.com\/www.downcentar.hr\/wp-content\/uploads\/2015\/12\/down-djvojcica.jpg?resize=700%2C400 2x"},"classes":[]}],"_links":{"self":[{"href":"http:\/\/www.downcentar.hr\/hr\/wp-json\/wp\/v2\/pages\/4677"}],"collection":[{"href":"http:\/\/www.downcentar.hr\/hr\/wp-json\/wp\/v2\/pages"}],"about":[{"href":"http:\/\/www.downcentar.hr\/hr\/wp-json\/wp\/v2\/types\/page"}],"author":[{"embeddable":true,"href":"http:\/\/www.downcentar.hr\/hr\/wp-json\/wp\/v2\/users\/1"}],"replies":[{"embeddable":true,"href":"http:\/\/www.downcentar.hr\/hr\/wp-json\/wp\/v2\/comments?post=4677"}],"version-history":[{"count":9,"href":"http:\/\/www.downcentar.hr\/hr\/wp-json\/wp\/v2\/pages\/4677\/revisions"}],"predecessor-version":[{"id":5010,"href":"http:\/\/www.downcentar.hr\/hr\/wp-json\/wp\/v2\/pages\/4677\/revisions\/5010"}],"wp:attachment":[{"href":"http:\/\/www.downcentar.hr\/hr\/wp-json\/wp\/v2\/media?parent=4677"}],"curies":[{"name":"wp","href":"https:\/\/api.w.org\/{rel}","templated":true}]}}