{"id":83,"date":"2015-12-02T09:19:17","date_gmt":"2015-12-02T09:19:17","guid":{"rendered":"http:\/\/www.downcentar.hr\/?page_id=83"},"modified":"2015-12-02T12:26:11","modified_gmt":"2015-12-02T12:26:11","slug":"o-down-sindromu","status":"publish","type":"page","link":"http:\/\/www.downcentar.hr\/hr\/o-down-sindromu\/","title":{"rendered":"O Down sindromu"},"content":{"rendered":"<p>Uzrok Down &#8211; ovog sindroma otkrio je 1959. godine francuski geneti\u010dar, prof . Jerome Lejeune . Na 21. paru kromosoma otkrio je jo\u0161 jedan kromosom vi\u0161ka, umjesto 2, tu se nalazilo 3 kromosoma, a u cijeloj stanici umjesto 46, ukupno 47 kromosoma. Takav poreme\u0107aj nalazi se kod svakog \u010dovjeka<br \/>\ns Down &#8211; ovim sindromom.<\/p>\n<p>Nije ga mogu\u0107e izmijeniti, niti lije\u010diti. &#8221; Sindrom &#8221; je naziv za skup zajedni\u010dkih znakova i karakteristika, a ime &#8221; Down &#8221; potje\u010de od imena engleskog lije\u010dnika Johna Langdona Downa koji je 1866. prvi opisao sindrom, gotovo 100 godina prije nego \u0161to je prona\u0111en uzrok poreme\u0107aja.<\/p>\n<p><a href=\"https:\/\/i0.wp.com\/www.downcentar.hr\/wp-content\/uploads\/2015\/12\/Down.jpg\"><img loading=\"lazy\" decoding=\"async\" data-attachment-id=\"84\" data-permalink=\"http:\/\/www.downcentar.hr\/hr\/o-down-sindromu\/down\/\" data-orig-file=\"https:\/\/i0.wp.com\/www.downcentar.hr\/wp-content\/uploads\/2015\/12\/Down.jpg?fit=200%2C270\" data-orig-size=\"200,270\" data-comments-opened=\"1\" data-image-meta=\"{&quot;aperture&quot;:&quot;0&quot;,&quot;credit&quot;:&quot;&quot;,&quot;camera&quot;:&quot;&quot;,&quot;caption&quot;:&quot;&quot;,&quot;created_timestamp&quot;:&quot;0&quot;,&quot;copyright&quot;:&quot;&quot;,&quot;focal_length&quot;:&quot;0&quot;,&quot;iso&quot;:&quot;0&quot;,&quot;shutter_speed&quot;:&quot;0&quot;,&quot;title&quot;:&quot;&quot;,&quot;orientation&quot;:&quot;0&quot;}\" data-image-title=\"Down\" data-image-description=\"\" data-image-caption=\"\" data-medium-file=\"https:\/\/i0.wp.com\/www.downcentar.hr\/wp-content\/uploads\/2015\/12\/Down.jpg?fit=200%2C270\" data-large-file=\"https:\/\/i0.wp.com\/www.downcentar.hr\/wp-content\/uploads\/2015\/12\/Down.jpg?fit=200%2C270\" class=\"aligncenter size-full wp-image-84\" src=\"https:\/\/i0.wp.com\/www.downcentar.hr\/wp-content\/uploads\/2015\/12\/Down.jpg?resize=200%2C270\" alt=\"Down\" width=\"200\" height=\"270\" data-recalc-dims=\"1\" \/><\/a><\/p>\n<p><strong>Naj\u010de\u0161\u0107a karakteristi\u010dna obilje\u017eja izgleda djeteta s Downovim sindromom su:<\/strong><br \/>\n\u2022\u00a0Mi\u0161i\u0107na hipotonija, smanjenje napetosti (tonusa) mi\u0161i\u0107a<br \/>\n\u2022\u00a0\u0160iroki vrat. Dijete mo\u017ee imati kratak, \u0161iroki vrat s previ\u0161e ko\u017ee i masnog tkiva<br \/>\n\u2022\u00a0Kosi polo\u017eaj o\u010dnih otvora (obilje\u017eja lica osoba monogolske rase, od \u010dega je bio uvrije\u017een naziv &#8220;mongoloidizam&#8221;)<br \/>\n\u2022\u00a0Okruglo lice izravnanog profila, Abnormalni oblik u\u0161ki<br \/>\n\u2022\u00a0Kratke \u0161ake, na dlanu postoji specifi\u010dna popre\u010dna brazda<br \/>\n\u2022\u00a0Malena usta i nos s neproporcionalno velikim jezikom<br \/>\n\u2022\u00a0Kratke i \u0161iroke ruke i noge, \u010desto postoji i velik razmak izme\u0111u no\u017enog palca i susjednog prsta<br \/>\n\u2022\u00a0Kra\u0107i prsni ko\u0161 neobi\u010dnog oblika<br \/>\n\u2022\u00a0Malena glava<\/p>\n<p><a href=\"https:\/\/i0.wp.com\/www.downcentar.hr\/wp-content\/uploads\/2015\/12\/down-djvojcica.jpg\"><img loading=\"lazy\" decoding=\"async\" data-attachment-id=\"89\" data-permalink=\"http:\/\/www.downcentar.hr\/hr\/o-down-sindromu\/down-djvojcica\/\" data-orig-file=\"https:\/\/i0.wp.com\/www.downcentar.hr\/wp-content\/uploads\/2015\/12\/down-djvojcica.jpg?fit=745%2C510\" data-orig-size=\"745,510\" data-comments-opened=\"1\" data-image-meta=\"{&quot;aperture&quot;:&quot;0&quot;,&quot;credit&quot;:&quot;&quot;,&quot;camera&quot;:&quot;&quot;,&quot;caption&quot;:&quot;&quot;,&quot;created_timestamp&quot;:&quot;0&quot;,&quot;copyright&quot;:&quot;&quot;,&quot;focal_length&quot;:&quot;0&quot;,&quot;iso&quot;:&quot;0&quot;,&quot;shutter_speed&quot;:&quot;0&quot;,&quot;title&quot;:&quot;&quot;,&quot;orientation&quot;:&quot;0&quot;}\" data-image-title=\"down-djvojcica\" data-image-description=\"\" data-image-caption=\"\" data-medium-file=\"https:\/\/i0.wp.com\/www.downcentar.hr\/wp-content\/uploads\/2015\/12\/down-djvojcica.jpg?fit=300%2C205\" data-large-file=\"https:\/\/i0.wp.com\/www.downcentar.hr\/wp-content\/uploads\/2015\/12\/down-djvojcica.jpg?fit=578%2C396\" class=\"alignleft size-full wp-image-89\" src=\"https:\/\/i0.wp.com\/www.downcentar.hr\/wp-content\/uploads\/2015\/12\/down-djvojcica.jpg?resize=578%2C396\" alt=\"down-djvojcica\" width=\"578\" height=\"396\" srcset=\"https:\/\/i0.wp.com\/www.downcentar.hr\/wp-content\/uploads\/2015\/12\/down-djvojcica.jpg?w=745 745w, https:\/\/i0.wp.com\/www.downcentar.hr\/wp-content\/uploads\/2015\/12\/down-djvojcica.jpg?resize=300%2C205 300w\" sizes=\"(max-width: 578px) 100vw, 578px\" data-recalc-dims=\"1\" \/><\/a><\/p>","protected":false},"excerpt":{"rendered":"<p>Uzrok Down &#8211; ovog sindroma otkrio je 1959. godine francuski geneti\u010dar, prof . Jerome Lejeune . Na 21. paru kromosoma otkrio je jo\u0161 jedan kromosom vi\u0161ka, umjesto 2, tu se nalazilo 3 kromosoma, a u cijeloj stanici umjesto 46, ukupno 47 kromosoma. Takav poreme\u0107aj nalazi se kod svakog \u010dovjeka s Down &#8211; ovim sindromom. Nije ga mogu\u0107e izmijeniti, niti lije\u010diti. &#8221; Sindrom &#8221; je naziv za skup zajedni\u010dkih znakova i karakteristika, a ime &#8221; Down &#8221; potje\u010de od imena engleskog lije\u010dnika Johna Langdona Downa koji je 1866. prvi opisao sindrom, gotovo 100 godina prije nego \u0161to je prona\u0111en uzrok poreme\u0107aja. Naj\u010de\u0161\u0107a karakteristi\u010dna obilje\u017eja izgleda djeteta s Downovim sindromom su: \u2022\u00a0Mi\u0161i\u0107na hipotonija, smanjenje napetosti (tonusa) mi\u0161i\u0107a \u2022\u00a0\u0160iroki vrat. Dijete mo\u017ee imati kratak, \u0161iroki vrat s previ\u0161e ko\u017ee i masnog tkiva \u2022\u00a0Kosi polo\u017eaj o\u010dnih otvora (obilje\u017eja lica osoba monogolske rase, od \u010dega je bio uvrije\u017een naziv &#8220;mongoloidizam&#8221;) \u2022\u00a0Okruglo lice izravnanog profila, Abnormalni oblik u\u0161ki \u2022\u00a0Kratke \u0161ake, na dlanu postoji specifi\u010dna popre\u010dna brazda \u2022\u00a0Malena usta i nos s neproporcionalno velikim jezikom \u2022\u00a0Kratke i \u0161iroke ruke i noge, \u010desto postoji i velik razmak izme\u0111u no\u017enog palca i susjednog prsta \u2022\u00a0Kra\u0107i prsni ko\u0161 neobi\u010dnog oblika \u2022\u00a0Malena glava<\/p>\n","protected":false},"author":1,"featured_media":0,"parent":0,"menu_order":0,"comment_status":"closed","ping_status":"closed","template":"","meta":{"pgc_sgb_lightbox_settings":"","jetpack_post_was_ever_published":false,"footnotes":""},"aioseo_notices":[],"jetpack_sharing_enabled":true,"jetpack_shortlink":"https:\/\/wp.me\/P78Mt7-1l","jetpack-related-posts":[{"id":20,"url":"http:\/\/www.downcentar.hr\/hr\/o-centru\/","url_meta":{"origin":83,"position":0},"title":"O centru","author":"admin","date":"23\/11\/2015","format":false,"excerpt":"Centar za rehabilitaciju Down syndrom centar Pula je nevladina i neprofitna ustanova socijalne skrbi osnovana 2005.godine. Prva smo i jedina ustanova te vrste u Hrvatskoj a do kraja 2015.god. je u na\u0161e habilitacijske i rehabilitacijske aktivnosti bilo uklju\u010deno vi\u0161e od 360 obitelji iz cijele Hrvatske te preko 50 obitelji iz\u2026","rel":"","context":"Srodne objave","block_context":{"text":"Srodne objave","link":""},"img":{"alt_text":"","src":"https:\/\/i0.wp.com\/www.downcentar.hr\/wp-content\/uploads\/2015\/11\/34.jpg?resize=350%2C200","width":350,"height":200,"srcset":"https:\/\/i0.wp.com\/www.downcentar.hr\/wp-content\/uploads\/2015\/11\/34.jpg?resize=350%2C200 1x, https:\/\/i0.wp.com\/www.downcentar.hr\/wp-content\/uploads\/2015\/11\/34.jpg?resize=525%2C300 1.5x"},"classes":[]},{"id":223,"url":"http:\/\/www.downcentar.hr\/hr\/termini-rezervacija\/","url_meta":{"origin":83,"position":1},"title":"Rehabilitacijski termini","author":"admin","date":"11\/12\/2015","format":false,"excerpt":"Napomena: Rehabilitacijski termini \u2013mogu\u0107i su upiti o slobodnim terminima samo u dole navedenim datumima, izvan navedenih datuma nije\u00a0 mogu\u0107e poslati upit Upit o slobodnom terminu vr\u0161ite tako da u kalendaru kliknete na\u00a0dostupne dane, a popis slobodnih dana\/termina provjerite u tablici ispod, te ispunite polja u desnoj rubrici kao \u0161to su\u2026","rel":"","context":"Srodne objave","block_context":{"text":"Srodne objave","link":""},"img":{"alt_text":"","src":"","width":0,"height":0},"classes":[]},{"id":213,"url":"http:\/\/www.downcentar.hr\/hr\/upute-za-dolazak\/","url_meta":{"origin":83,"position":2},"title":"Upute za dolazak","author":"admin","date":"10\/12\/2015","format":false,"excerpt":"1. Roditelji dogovaraju termin rehabilitacije sa DSC Pula. Po\u0161aljite nam upit o slobodnom terminu putem web stranice ili nas kontaktirajte telefonom. 2. Nakon dogovora termina rehabilitacije sa DSC Pula podnesite zahtjev za rehabilitaciju\u00a0 nadle\u017enom Centru za socijalnu skrb. Molimo da isto u\u010dinite najkasnije 30 dana prije dolaska na rehabilitaciju a\u2026","rel":"","context":"Srodne objave","block_context":{"text":"Srodne objave","link":""},"img":{"alt_text":"","src":"","width":0,"height":0},"classes":[]}],"_links":{"self":[{"href":"http:\/\/www.downcentar.hr\/hr\/wp-json\/wp\/v2\/pages\/83"}],"collection":[{"href":"http:\/\/www.downcentar.hr\/hr\/wp-json\/wp\/v2\/pages"}],"about":[{"href":"http:\/\/www.downcentar.hr\/hr\/wp-json\/wp\/v2\/types\/page"}],"author":[{"embeddable":true,"href":"http:\/\/www.downcentar.hr\/hr\/wp-json\/wp\/v2\/users\/1"}],"replies":[{"embeddable":true,"href":"http:\/\/www.downcentar.hr\/hr\/wp-json\/wp\/v2\/comments?post=83"}],"version-history":[{"count":0,"href":"http:\/\/www.downcentar.hr\/hr\/wp-json\/wp\/v2\/pages\/83\/revisions"}],"wp:attachment":[{"href":"http:\/\/www.downcentar.hr\/hr\/wp-json\/wp\/v2\/media?parent=83"}],"curies":[{"name":"wp","href":"https:\/\/api.w.org\/{rel}","templated":true}]}}