{"id":20,"date":"2015-11-23T18:39:35","date_gmt":"2015-11-23T18:39:35","guid":{"rendered":"http:\/\/www.downcentar.hr\/?page_id=20"},"modified":"2015-12-18T11:49:26","modified_gmt":"2015-12-18T11:49:26","slug":"o-centru","status":"publish","type":"page","link":"https:\/\/www.downcentar.hr\/hr\/o-centru\/","title":{"rendered":"O centru"},"content":{"rendered":"<p>Centar za rehabilitaciju Down syndrom centar Pula je nevladina i neprofitna ustanova socijalne skrbi osnovana 2005.godine. Prva smo i jedina ustanova te vrste u Hrvatskoj a do kraja 2015.god. je u na\u0161e habilitacijske i rehabilitacijske aktivnosti bilo uklju\u010deno vi\u0161e od 360 obitelji iz cijele Hrvatske te preko 50 obitelji iz susjednih dr\u017eava, te se taj broj konstantno pove\u0107ava.\u00a0 Smje\u0161teni smo u neposrednoj blizini samog centra Grada Pule.<\/p>\n<p>Ponosni smo da pru\u017eamo usluge svim kronolo\u0161kim dobima, od ranog djetinjstva (bebe) pa do odrasle dobi, a koje aktivnosti i tretmane obavljamo na na\u010delima multidisciplinarnog pristupa i individualnog rada sa korisnikom, te uz aktivno uklju\u010denje roditelja u sam proces rehabilitacije. Posebno vodimo ra\u010duna o dobrobiti, funkcionalnosti i zdravlju, kako djeteta, tako i roditelja, bra\u0107e i sestara.<\/p>\n<p>Na\u0161 rehabilitacijski proces okrenut je ja\u010danju svih mogu\u0107nosti djeteta te socijalizaciji korisnika i njegovoj integraciji u \u017eivot u lokalnoj zajednici u najve\u0107oj mogu\u0107oj mjeri, od uklju\u010denja u jasli\u010dki i vrti\u0107ki sustav do uklju\u010denja u redovne \u0161kole. Provodimo i\u00a0 potpomognuti razvoja dijela radnih vje\u0161tina \u2013 PAPO metoda u suradnji sa Srednjom \u0161kolom Eugen Kumi\u010di\u0107 Rovinj, McDonald&#8217;s Hrvatska, caffe bar Uliks te mnogi drugi iz cijele Hrvatske.<\/p>\n<p>Sura\u0111ujemo sa cijelim nizom vrti\u0107a, te osnovnih i srednjih \u0161kola od koji isti\u010demo samo neke: O\u0160 Josip Juraj Strossmayer iz \u0110ur\u0111enovca, SC Izidor Kr\u0161njavi iz Na\u0161ica, vrti\u0107 Ivana Brli\u0107 Ma\u017eurani\u0107 iz Slavonskog Broda, O\u0160 Monte Zaro iz Pule. Prijateljske i partnerske odnose njegujemo sa mnogobrojnim udrugama iz cijele Hrvatske, kao i EU. Sura\u0111ivali smo i sa Sveu\u010dili\u0161tem Juraj Dobrila u Puli, Katedra za razvojnu psihologiju, Medicinskim fakultetom u Rijeci, KBC Zagreb, Katedrom za logopediju Edukacijsko rehabilitacijskog fakulteta u Zagrebu, Medicinskim fakultetom u\u00a0 Splitu &#8211; ambulanta za Syndrom Down, zakladom Jereome Lejeune iz Francuske, srednjom \u0161kolom MFR du Seyssel iz Francuske, zajednicom Katoli\u010dkih izvi\u0111a\u010da Belgije.<\/p>\n<p>Centar je \u010dlan EDSA ( Europska down syndrom asocijacija) i DSI ( Down syndrom International) a na\u0161a ravnateljica Branka Butorac, i sama majka djevojke Lee sa Down syndromom, je 2011.god. dobila nagradu World Down syndrome Day Award koju dodjeljuje DSI \u00a0za izvanredna dostignu\u0107a u ja\u010danju i oboga\u0107ivanju \u017eivota osoba s Down syndromom. Centar je, skupa za EDSA-om, 2007.god. organizirao prvi me\u0111unarodni kongres o Down sindromu u Republici Hrvatskoj \u201eOsobe sa Down sindromom: prijateljski u Puli\u201c. Sudjelovali smo i radu mnogobrojnih radnih skupina, kao \u0161to je povjerenstvo za izradu Zakona o nacionalnom registru osoba sa invaliditetom, te u izradi Europske deklaracije o djeci sa intelektualnim pote\u0161ko\u0107ama i njihovim obiteljima: bolje zdravlje za bolji \u017eivot, Bukure\u0161t 2010.god, te mnogim drugima.<\/p>\n<p>Da je na\u0161a metodologija rada ispravna potvr\u0111uje i \u010dinjenica da nas je Svjetska zdravstvena organizacija, WHO SEEHN, proglasila modelom i mjestom dobre prakse koji je u skladu sa potrebama i pravima djece sa pote\u0161ko\u0107ama u razvoju i njihovih obitelji, a prema standardima me\u0111unarodnih dokumenata o pravima osoba sa invaliditetom<\/p>","protected":false},"excerpt":{"rendered":"<p>Centar za rehabilitaciju Down syndrom centar Pula je nevladina i neprofitna ustanova socijalne skrbi osnovana 2005.godine. Prva smo i jedina ustanova te vrste u Hrvatskoj a do kraja 2015.god. je u na\u0161e habilitacijske i rehabilitacijske aktivnosti bilo uklju\u010deno vi\u0161e od 360 obitelji iz cijele Hrvatske te preko 50 obitelji iz susjednih dr\u017eava, te se taj broj konstantno pove\u0107ava.\u00a0 Smje\u0161teni smo u neposrednoj blizini samog centra Grada Pule. Ponosni smo da pru\u017eamo usluge svim kronolo\u0161kim dobima, od ranog djetinjstva (bebe) pa do odrasle dobi, a koje aktivnosti i tretmane obavljamo na na\u010delima multidisciplinarnog pristupa i individualnog rada sa korisnikom, te uz aktivno uklju\u010denje roditelja u sam proces rehabilitacije. Posebno vodimo ra\u010duna o dobrobiti, funkcionalnosti i zdravlju, kako djeteta, tako i roditelja, bra\u0107e i sestara. Na\u0161 rehabilitacijski proces okrenut je ja\u010danju svih mogu\u0107nosti djeteta te socijalizaciji korisnika i njegovoj integraciji u \u017eivot u lokalnoj zajednici u najve\u0107oj mogu\u0107oj mjeri, od uklju\u010denja u jasli\u010dki i vrti\u0107ki sustav do uklju\u010denja u redovne \u0161kole. Provodimo i\u00a0 potpomognuti razvoja dijela radnih vje\u0161tina \u2013 PAPO metoda u suradnji sa Srednjom \u0161kolom Eugen Kumi\u010di\u0107 Rovinj, McDonald&#8217;s Hrvatska, caffe bar Uliks te mnogi drugi iz cijele Hrvatske. Sura\u0111ujemo sa cijelim nizom vrti\u0107a, te osnovnih i srednjih \u0161kola od koji [&#8230;]<\/p>\n","protected":false},"author":1,"featured_media":0,"parent":0,"menu_order":0,"comment_status":"closed","ping_status":"closed","template":"","meta":{"pgc_sgb_lightbox_settings":"","jetpack_post_was_ever_published":false,"footnotes":""},"aioseo_notices":[],"jetpack_sharing_enabled":true,"jetpack_shortlink":"https:\/\/wp.me\/P78Mt7-k","jetpack-related-posts":[{"id":213,"url":"https:\/\/www.downcentar.hr\/hr\/upute-za-dolazak\/","url_meta":{"origin":20,"position":0},"title":"Upute za dolazak","author":"admin","date":"10\/12\/2015","format":false,"excerpt":"1. Roditelji dogovaraju termin rehabilitacije sa DSC Pula. Po\u0161aljite nam upit o slobodnom terminu putem web stranice ili nas kontaktirajte telefonom. 2. Nakon dogovora termina rehabilitacije sa DSC Pula podnesite zahtjev za rehabilitaciju\u00a0 nadle\u017enom Centru za socijalnu skrb. Molimo da isto u\u010dinite najkasnije 30 dana prije dolaska na rehabilitaciju a\u2026","rel":"","context":"Srodne objave","block_context":{"text":"Srodne objave","link":""},"img":{"alt_text":"","src":"","width":0,"height":0},"classes":[]},{"id":1390,"url":"https:\/\/www.downcentar.hr\/hr\/down-syndrom-centar-pula-slavi-svjetski-dan-osoba-sa-down-sindromom-i-obiljezava-10-obljetnicu-svoga-rada\/","url_meta":{"origin":20,"position":1},"title":"Down syndrom centar Pula slavi Svjetski dan osoba sa Down sindromom i obilje\u017eava 10 obljetnicu svoga rada! :)","author":"admin","date":"18\/03\/2016","format":false,"excerpt":"Down syndrom centar Pula slavi Svjetski dan osoba sa Down sindromom i obilje\u017eava 10 obljetnicu svoga rada! Do\u0111ite u ponedjeljak 21.03 u 11,00 sati na Trg Portarata u Puli, proveseliti se sa nama, na\u0161im prijateljima i dragim gostima.\u201c","rel":"","context":"Srodne objave","block_context":{"text":"Srodne objave","link":""},"img":{"alt_text":"plakat-dsc","src":"https:\/\/i0.wp.com\/www.downcentar.hr\/wp-content\/uploads\/2016\/03\/plakat-dsc.jpg?resize=350%2C200","width":350,"height":200,"srcset":"https:\/\/i0.wp.com\/www.downcentar.hr\/wp-content\/uploads\/2016\/03\/plakat-dsc.jpg?resize=350%2C200 1x, https:\/\/i0.wp.com\/www.downcentar.hr\/wp-content\/uploads\/2016\/03\/plakat-dsc.jpg?resize=525%2C300 1.5x"},"classes":[]},{"id":4677,"url":"https:\/\/www.downcentar.hr\/hr\/pravo-na-pristup-informacijama\/","url_meta":{"origin":20,"position":2},"title":"Pravo na pristup informacijama","author":"admin","date":"01\/02\/2018","format":false,"excerpt":"Pravo na pristup informacijama i ponovnu uporabu informacija Down syndrome centar Pula Temeljem \u010dlanka 3. Zakona o pravu na pristup informacijama (\u00bbNarodne novine\u00ab, broj 25\/13) ure\u0111eno je pravo na pristup informacijama fizi\u010dkim i pravnim osobama putem otvorenosti i javnosti djelovanja tijela javne vlasti. Pravo na pristup informacijama i ponovnu uporabu\u2026","rel":"","context":"Srodne objave","block_context":{"text":"Srodne objave","link":""},"img":{"alt_text":"","src":"","width":0,"height":0},"classes":[]},{"id":216,"url":"https:\/\/www.downcentar.hr\/hr\/kontakt\/","url_meta":{"origin":20,"position":3},"title":"Kontakt","author":"admin","date":"10\/12\/2015","format":false,"excerpt":"Centar za rehabilitaciju Down sindrom centar Pula Gajeva 14, p.p. 80, 52100 Pula Ravnatelj: Branka Butorac, dr.med. Telefon: +385 52 222 204 Fax: + 385 52 222 212 www.downcentar.hr info@downcentar.hr \u00a0","rel":"","context":"Srodne objave","block_context":{"text":"Srodne objave","link":""},"img":{"alt_text":"","src":"","width":0,"height":0},"classes":[]},{"id":223,"url":"https:\/\/www.downcentar.hr\/hr\/termini-rezervacija\/","url_meta":{"origin":20,"position":4},"title":"Rehabilitacijski termini","author":"admin","date":"11\/12\/2015","format":false,"excerpt":"Napomena: Rehabilitacijski termini \u2013mogu\u0107i su upiti o slobodnim terminima samo u dole navedenim datumima, izvan navedenih datuma nije\u00a0 mogu\u0107e poslati upit Upit o slobodnom terminu vr\u0161ite tako da u kalendaru kliknete na\u00a0dostupne dane, a popis slobodnih dana\/termina provjerite u tablici ispod, te ispunite polja u desnoj rubrici kao \u0161to su\u2026","rel":"","context":"Srodne objave","block_context":{"text":"Srodne objave","link":""},"img":{"alt_text":"","src":"","width":0,"height":0},"classes":[]},{"id":83,"url":"https:\/\/www.downcentar.hr\/hr\/o-down-sindromu\/","url_meta":{"origin":20,"position":5},"title":"O Down sindromu","author":"admin","date":"02\/12\/2015","format":false,"excerpt":"Uzrok Down - ovog sindroma otkrio je 1959. godine francuski geneti\u010dar, prof . Jerome Lejeune . Na 21. paru kromosoma otkrio je jo\u0161 jedan kromosom vi\u0161ka, umjesto 2, tu se nalazilo 3 kromosoma, a u cijeloj stanici umjesto 46, ukupno 47 kromosoma. Takav poreme\u0107aj nalazi se kod svakog \u010dovjeka s\u2026","rel":"","context":"Srodne objave","block_context":{"text":"Srodne objave","link":""},"img":{"alt_text":"down-djvojcica","src":"https:\/\/i0.wp.com\/www.downcentar.hr\/wp-content\/uploads\/2015\/12\/down-djvojcica.jpg?resize=350%2C200","width":350,"height":200,"srcset":"https:\/\/i0.wp.com\/www.downcentar.hr\/wp-content\/uploads\/2015\/12\/down-djvojcica.jpg?resize=350%2C200 1x, https:\/\/i0.wp.com\/www.downcentar.hr\/wp-content\/uploads\/2015\/12\/down-djvojcica.jpg?resize=525%2C300 1.5x, https:\/\/i0.wp.com\/www.downcentar.hr\/wp-content\/uploads\/2015\/12\/down-djvojcica.jpg?resize=700%2C400 2x"},"classes":[]}],"_links":{"self":[{"href":"https:\/\/www.downcentar.hr\/hr\/wp-json\/wp\/v2\/pages\/20"}],"collection":[{"href":"https:\/\/www.downcentar.hr\/hr\/wp-json\/wp\/v2\/pages"}],"about":[{"href":"https:\/\/www.downcentar.hr\/hr\/wp-json\/wp\/v2\/types\/page"}],"author":[{"embeddable":true,"href":"https:\/\/www.downcentar.hr\/hr\/wp-json\/wp\/v2\/users\/1"}],"replies":[{"embeddable":true,"href":"https:\/\/www.downcentar.hr\/hr\/wp-json\/wp\/v2\/comments?post=20"}],"version-history":[{"count":0,"href":"https:\/\/www.downcentar.hr\/hr\/wp-json\/wp\/v2\/pages\/20\/revisions"}],"wp:attachment":[{"href":"https:\/\/www.downcentar.hr\/hr\/wp-json\/wp\/v2\/media?parent=20"}],"curies":[{"name":"wp","href":"https:\/\/api.w.org\/{rel}","templated":true}]}}