{"id":213,"date":"2015-12-10T18:56:32","date_gmt":"2015-12-10T18:56:32","guid":{"rendered":"http:\/\/www.downcentar.hr\/?page_id=213"},"modified":"2021-11-09T14:46:47","modified_gmt":"2021-11-09T13:46:47","slug":"upute-za-dolazak","status":"publish","type":"page","link":"https:\/\/www.downcentar.hr\/hr\/upute-za-dolazak\/","title":{"rendered":"Upute za dolazak"},"content":{"rendered":"<p>1. Roditelji dogovaraju termin rehabilitacije sa DSC Pula. Po\u0161aljite nam upit o slobodnom terminu putem web stranice ili nas kontaktirajte telefonom.<\/p>\n<p>2. Nakon dogovora termina rehabilitacije sa DSC Pula podnesite zahtjev za rehabilitaciju\u00a0 nadle\u017enom Centru za socijalnu skrb. Molimo da isto u\u010dinite najkasnije 30 dana prije dolaska na rehabilitaciju a kako bi mi mogli pravovremeno od CZSS-a dobiti upit i rje\u0161enje za Va\u0161 dolazak!<\/p>\n<p>3.<strong>VA\u017dNO!<\/strong> Obavezno pogledajte slobodne termine na linku <a href=\"http:\/\/www.downcentar.hr\/termini-rezervacija\/\">REHABILITACIJSKI TERMINI<\/a>\u00a0, te odaberite klikom mi\u0161a na kalendaru dane koji su u okviru \u00a0termina, nemojte klikati dane koji su van termina jer prijava ne\u0107e biti potvr\u0111ena.<\/p>\n<p>Primjerak zahtjeva za rehabilitaciju mo\u017eete skinuti\u00a0na dnu primjera sa lijeve strane preko linka &#8221;download&#8221;.<\/p>\n<div class=\"ead-preview\"><div class=\"ead-document\" style=\"position: relative;\"><iframe src=\"\/\/view.officeapps.live.com\/op\/embed.aspx?src=http%3A%2F%2Fwww.downcentar.hr%2Fwp-content%2Fuploads%2F2021%2F11%2FZahtjev-CZSS-privremeni-smjestaj.docx\" title=\"Embedded Document\" class=\"ead-iframe\" style=\"width: 100%;height: 500px;border: none;\"><\/iframe><\/div><p class=\"embed_download\"><a href=\"http:\/\/www.downcentar.hr\/wp-content\/uploads\/2021\/11\/Zahtjev-CZSS-privremeni-smjestaj.docx\" download >Download [14.33 KB] <\/a><\/p><\/div>\n<p><span style=\"color: #ff0000;\">Tako\u0111er Zahtjev \u00a0za rehabilitacijski termin mo\u017eete preuzeti i direktno preko linka <span style=\"color: #3366ff;\"><strong><a style=\"color: #3366ff;\" href=\"http:\/\/www.downcentar.hr\/wp-content\/uploads\/2021\/11\/Zahtjev-CZSS-privremeni-smjestaj.docx\">OVDJE<\/a><\/strong><\/span><\/span><\/p>\n<p>Isprintajte zahtjev u 2 primjerka i zatra\u017eite u CZSS da Vam ga urud\u017ebiraju. Urud\u017ebirani zahtjev zadr\u017eite za sebe.<\/p>\n<p>3. Za djecu od 1 mjeseca do 7 godina koja nemaju rje\u0161enje JTV (jedinstvenog tijela vje\u0161ta\u010denja) uz zahtjev za rehabilitaciju trebate prilo\u017eiti i medicinsku dokumentaciju iz koje je vidljivo da dijete ima Down syndrom, a to mo\u017ee biti i lije\u010dni\u010dka potvrda pedijatra\/obiteljskog lije\u010dnika.<\/p>\n<p>Primjerak lije\u010dni\u010dke potvrde mo\u017eete pogledati\u00a0ispod:<\/p>\n<div class=\"ead-preview\"><div class=\"ead-document\" style=\"position: relative;\"><div class=\"ead-iframe-wrapper\"><iframe src=\"\/\/docs.google.com\/viewer?url=http%3A%2F%2Fwww.downcentar.hr%2Fwp-content%2Fuploads%2F2015%2F12%2FLije%C4%8Dni%C4%8Dka-potvrda.pdf&amp;embedded=true&amp;hl=en\" title=\"Embedded Document\" class=\"ead-iframe\" style=\"width: 100%;height: 400px;border: none;visibility: hidden;\"><\/iframe><\/div>\t\t\t<div class=\"ead-document-loading\" style=\"width:100%;height:100%;position:absolute;left:0;top:0;z-index:10;\">\n\t\t\t\t<div class=\"ead-loading-wrap\">\n\t\t\t\t\t<div class=\"ead-loading-main\">\n\t\t\t\t\t\t<div class=\"ead-loading\">\n\t\t\t\t\t\t\t<img loading=\"lazy\" decoding=\"async\" src=\"https:\/\/www.downcentar.hr\/wp-content\/plugins\/embed-any-document\/images\/loading.svg\" width=\"55\" height=\"55\" alt=\"Loader\">\n\t\t\t\t\t\t\t<span>Loading...<\/span>\n\t\t\t\t\t\t<\/div>\n\t\t\t\t\t<\/div>\n\t\t\t\t\t<div class=\"ead-loading-foot\">\n\t\t\t\t\t\t<div class=\"ead-loading-foot-title\">\n\t\t\t\t\t\t\t<img loading=\"lazy\" decoding=\"async\" src=\"https:\/\/www.downcentar.hr\/wp-content\/plugins\/embed-any-document\/images\/EAD-logo.svg\" alt=\"EAD Logo\" width=\"36\" height=\"23\"\/>\n\t\t\t\t\t\t\t<span>Taking too long?<\/span>\n\t\t\t\t\t\t<\/div>\n\t\t\t\t\t\t<p>\n\t\t\t\t\t\t\t<div class=\"ead-document-btn ead-reload-btn\" role=\"button\">\n\t\t\t\t\t\t\t\t<img loading=\"lazy\" decoding=\"async\" src=\"https:\/\/www.downcentar.hr\/wp-content\/plugins\/embed-any-document\/images\/reload.svg\" alt=\"Reload\" width=\"12\" height=\"12\"\/> Reload document\t\t\t\t\t\t\t<\/div>\n\t\t\t\t\t\t\t<span>|<\/span>\n\t\t\t\t\t\t\t<a href=\"http:\/\/www.downcentar.hr\/wp-content\/uploads\/2015\/12\/Lije\u010dni\u010dka-potvrda.pdf\" class=\"ead-document-btn\" target=\"_blank\">\n\t\t\t\t\t\t\t\t<img loading=\"lazy\" decoding=\"async\" src=\"https:\/\/www.downcentar.hr\/wp-content\/plugins\/embed-any-document\/images\/open.svg\" alt=\"Open\" width=\"12\" height=\"12\"\/> Open in new tab\t\t\t\t\t\t\t<\/a>\n\t\t\t\t\t<\/div>\n\t\t\t\t<\/div>\n\t\t\t<\/div>\n\t\t<\/div><p class=\"embed_download\"><a href=\"http:\/\/www.downcentar.hr\/wp-content\/uploads\/2015\/12\/Lije\u010dni\u010dka-potvrda.pdf\" download >Download [85.36 KB] <\/a><\/p><\/div>\n<p>Ukoliko djeca od 1 mjeseca do 7 godina jo\u0161 nemaju rje\u0161enje JTV-a ili je isto u reviziji to nije razlog da im nadle\u017eni CZSS uskrati pravo na rehabilitaciju u DSC Pula.<\/p>\n<p>4. Po zaprimanju Va\u0161eg zahtjeva nadle\u017eni CZSS \u0161alje upit nama. <strong>TEK KADA MI ZAPRIMIMO UPIT CZZS-a, VR\u0160IMO REZERVACIJU VA\u0160EG REHABILITACIJSKOG TERMINA.<\/strong> Nakon na\u0161e potvrde upita, pravna slu\u017eba CZSS-a treba zapo\u010deti izradu rje\u0161enja o rehabilitaciji. Preporu\u010dujemo Vam da se odreknete prava na \u017ealbu na rje\u0161enje o rehabilitaciji kako bi ubrzali postupak dolaska!<\/p>\n<p>5.Tek nakon \u0161to DSC Pula zaprimi rje\u0161enje nadle\u017enog CZSS mo\u017ee uklju\u010diti Va\u0161e dijete u rehabilitaciju.<\/p>\n<p>Stoga je <strong>VA\u017dNO DA ZAHTJEV ZA REHABILITACIJU PREDATE NADLE\u017dNOM CZSS NAJKASNIJE 30 DANA PRIJE DOLASKA<\/strong> na dogovoreni rehabilitacijski termin a kako bi mi mogli pravovremeno zaprimiti upit pa rje\u0161enje. Tek po zaprimanju upita CZSS-a Va\u0161 termin je rezerviran a do tada se Va\u0161 zahtjev kod nas vodi\u00a0 \u201ena \u010dekanju\u201c !<\/p>\n<p>Molimo Vas da po\u0161tujete ove rokove i budete a\u017eurni, tako olak\u0161avate i sebi i DSC Pula te\u00a0 ubrzavate proces dobivanja rje\u0161enja!<\/p>\n<p>Za sva daljnja pitanja i poja\u0161njenja slobodno nas kontaktirajte!<\/p>\n","protected":false},"excerpt":{"rendered":"<p>1. Roditelji dogovaraju termin rehabilitacije sa DSC Pula. Po\u0161aljite nam upit o slobodnom terminu putem web stranice ili nas kontaktirajte telefonom. 2. Nakon dogovora termina rehabilitacije sa DSC Pula podnesite zahtjev za rehabilitaciju\u00a0 nadle\u017enom Centru za socijalnu skrb. Molimo da isto u\u010dinite najkasnije 30 dana prije dolaska na rehabilitaciju a kako bi mi mogli pravovremeno od CZSS-a dobiti upit i rje\u0161enje za Va\u0161 dolazak! 3.VA\u017dNO! Obavezno pogledajte slobodne termine na linku REHABILITACIJSKI TERMINI\u00a0, te odaberite klikom mi\u0161a na kalendaru dane koji su u okviru \u00a0termina, nemojte klikati dane koji su van termina jer prijava ne\u0107e biti potvr\u0111ena. Primjerak zahtjeva za rehabilitaciju mo\u017eete skinuti\u00a0na dnu primjera sa lijeve strane preko linka &#8221;download&#8221;. Download [14.33 KB] Tako\u0111er Zahtjev \u00a0za rehabilitacijski termin mo\u017eete preuzeti i direktno preko linka OVDJE Isprintajte zahtjev u 2 primjerka i zatra\u017eite u CZSS da Vam ga urud\u017ebiraju. Urud\u017ebirani zahtjev zadr\u017eite za sebe. 3. Za djecu od 1 mjeseca do 7 godina koja nemaju rje\u0161enje JTV (jedinstvenog tijela vje\u0161ta\u010denja) uz zahtjev za rehabilitaciju trebate prilo\u017eiti i medicinsku dokumentaciju iz koje je vidljivo da dijete ima Down syndrom, a to mo\u017ee biti i lije\u010dni\u010dka potvrda pedijatra\/obiteljskog lije\u010dnika. Primjerak lije\u010dni\u010dke potvrde mo\u017eete pogledati\u00a0ispod: Loading&#8230; Taking too long? Reload document | Open [&#8230;]<\/p>\n","protected":false},"author":1,"featured_media":0,"parent":0,"menu_order":0,"comment_status":"closed","ping_status":"closed","template":"","meta":{"pgc_sgb_lightbox_settings":"","jetpack_post_was_ever_published":false,"footnotes":""},"aioseo_notices":[],"jetpack_sharing_enabled":true,"jetpack_shortlink":"https:\/\/wp.me\/P78Mt7-3r","jetpack-related-posts":[{"id":223,"url":"https:\/\/www.downcentar.hr\/hr\/termini-rezervacija\/","url_meta":{"origin":213,"position":0},"title":"Rehabilitacijski termini","author":"admin","date":"11\/12\/2015","format":false,"excerpt":"Napomena: Rehabilitacijski termini \u2013mogu\u0107i su upiti o slobodnim terminima samo u dole navedenim datumima, izvan navedenih datuma nije\u00a0 mogu\u0107e poslati upit Upit o slobodnom terminu vr\u0161ite tako da u kalendaru kliknete na\u00a0dostupne dane, a popis slobodnih dana\/termina provjerite u tablici ispod, te ispunite polja u desnoj rubrici kao \u0161to su\u2026","rel":"","context":"Srodne objave","block_context":{"text":"Srodne objave","link":""},"img":{"alt_text":"","src":"","width":0,"height":0},"classes":[]},{"id":20,"url":"https:\/\/www.downcentar.hr\/hr\/o-centru\/","url_meta":{"origin":213,"position":1},"title":"O centru","author":"admin","date":"23\/11\/2015","format":false,"excerpt":"Centar za rehabilitaciju Down syndrom centar Pula je nevladina i neprofitna ustanova socijalne skrbi osnovana 2005.godine. Prva smo i jedina ustanova te vrste u Hrvatskoj a do kraja 2015.god. je u na\u0161e habilitacijske i rehabilitacijske aktivnosti bilo uklju\u010deno vi\u0161e od 360 obitelji iz cijele Hrvatske te preko 50 obitelji iz\u2026","rel":"","context":"Srodne objave","block_context":{"text":"Srodne objave","link":""},"img":{"alt_text":"34","src":"https:\/\/i0.wp.com\/www.downcentar.hr\/wp-content\/uploads\/2015\/11\/34.jpg?resize=350%2C200","width":350,"height":200,"srcset":"https:\/\/i0.wp.com\/www.downcentar.hr\/wp-content\/uploads\/2015\/11\/34.jpg?resize=350%2C200 1x, https:\/\/i0.wp.com\/www.downcentar.hr\/wp-content\/uploads\/2015\/11\/34.jpg?resize=525%2C300 1.5x"},"classes":[]},{"id":216,"url":"https:\/\/www.downcentar.hr\/hr\/kontakt\/","url_meta":{"origin":213,"position":2},"title":"Kontakt","author":"admin","date":"10\/12\/2015","format":false,"excerpt":"Centar za rehabilitaciju Down sindrom centar Pula Gajeva 14, p.p. 80, 52100 Pula Ravnatelj: Branka Butorac, dr.med. Telefon: +385 52 222 204 Fax: + 385 52 222 212 www.downcentar.hr info@downcentar.hr \u00a0","rel":"","context":"Srodne objave","block_context":{"text":"Srodne objave","link":""},"img":{"alt_text":"","src":"","width":0,"height":0},"classes":[]},{"id":4677,"url":"https:\/\/www.downcentar.hr\/hr\/pravo-na-pristup-informacijama\/","url_meta":{"origin":213,"position":3},"title":"Pravo na pristup informacijama","author":"admin","date":"01\/02\/2018","format":false,"excerpt":"Pravo na pristup informacijama i ponovnu uporabu informacija Down syndrome centar Pula Temeljem \u010dlanka 3. Zakona o pravu na pristup informacijama (\u00bbNarodne novine\u00ab, broj 25\/13) ure\u0111eno je pravo na pristup informacijama fizi\u010dkim i pravnim osobama putem otvorenosti i javnosti djelovanja tijela javne vlasti. Pravo na pristup informacijama i ponovnu uporabu\u2026","rel":"","context":"Srodne objave","block_context":{"text":"Srodne objave","link":""},"img":{"alt_text":"","src":"","width":0,"height":0},"classes":[]},{"id":1390,"url":"https:\/\/www.downcentar.hr\/hr\/down-syndrom-centar-pula-slavi-svjetski-dan-osoba-sa-down-sindromom-i-obiljezava-10-obljetnicu-svoga-rada\/","url_meta":{"origin":213,"position":4},"title":"Down syndrom centar Pula slavi Svjetski dan osoba sa Down sindromom i obilje\u017eava 10 obljetnicu svoga rada! :)","author":"admin","date":"18\/03\/2016","format":false,"excerpt":"Down syndrom centar Pula slavi Svjetski dan osoba sa Down sindromom i obilje\u017eava 10 obljetnicu svoga rada! Do\u0111ite u ponedjeljak 21.03 u 11,00 sati na Trg Portarata u Puli, proveseliti se sa nama, na\u0161im prijateljima i dragim gostima.\u201c","rel":"","context":"Srodne objave","block_context":{"text":"Srodne objave","link":""},"img":{"alt_text":"plakat-dsc","src":"https:\/\/i0.wp.com\/www.downcentar.hr\/wp-content\/uploads\/2016\/03\/plakat-dsc.jpg?resize=350%2C200","width":350,"height":200,"srcset":"https:\/\/i0.wp.com\/www.downcentar.hr\/wp-content\/uploads\/2016\/03\/plakat-dsc.jpg?resize=350%2C200 1x, https:\/\/i0.wp.com\/www.downcentar.hr\/wp-content\/uploads\/2016\/03\/plakat-dsc.jpg?resize=525%2C300 1.5x"},"classes":[]},{"id":83,"url":"https:\/\/www.downcentar.hr\/hr\/o-down-sindromu\/","url_meta":{"origin":213,"position":5},"title":"O Down sindromu","author":"admin","date":"02\/12\/2015","format":false,"excerpt":"Uzrok Down - ovog sindroma otkrio je 1959. godine francuski geneti\u010dar, prof . Jerome Lejeune . Na 21. paru kromosoma otkrio je jo\u0161 jedan kromosom vi\u0161ka, umjesto 2, tu se nalazilo 3 kromosoma, a u cijeloj stanici umjesto 46, ukupno 47 kromosoma. Takav poreme\u0107aj nalazi se kod svakog \u010dovjeka s\u2026","rel":"","context":"Srodne objave","block_context":{"text":"Srodne objave","link":""},"img":{"alt_text":"down-djvojcica","src":"https:\/\/i0.wp.com\/www.downcentar.hr\/wp-content\/uploads\/2015\/12\/down-djvojcica.jpg?resize=350%2C200","width":350,"height":200,"srcset":"https:\/\/i0.wp.com\/www.downcentar.hr\/wp-content\/uploads\/2015\/12\/down-djvojcica.jpg?resize=350%2C200 1x, https:\/\/i0.wp.com\/www.downcentar.hr\/wp-content\/uploads\/2015\/12\/down-djvojcica.jpg?resize=525%2C300 1.5x, https:\/\/i0.wp.com\/www.downcentar.hr\/wp-content\/uploads\/2015\/12\/down-djvojcica.jpg?resize=700%2C400 2x"},"classes":[]}],"_links":{"self":[{"href":"https:\/\/www.downcentar.hr\/hr\/wp-json\/wp\/v2\/pages\/213"}],"collection":[{"href":"https:\/\/www.downcentar.hr\/hr\/wp-json\/wp\/v2\/pages"}],"about":[{"href":"https:\/\/www.downcentar.hr\/hr\/wp-json\/wp\/v2\/types\/page"}],"author":[{"embeddable":true,"href":"https:\/\/www.downcentar.hr\/hr\/wp-json\/wp\/v2\/users\/1"}],"replies":[{"embeddable":true,"href":"https:\/\/www.downcentar.hr\/hr\/wp-json\/wp\/v2\/comments?post=213"}],"version-history":[{"count":2,"href":"https:\/\/www.downcentar.hr\/hr\/wp-json\/wp\/v2\/pages\/213\/revisions"}],"predecessor-version":[{"id":5419,"href":"https:\/\/www.downcentar.hr\/hr\/wp-json\/wp\/v2\/pages\/213\/revisions\/5419"}],"wp:attachment":[{"href":"https:\/\/www.downcentar.hr\/hr\/wp-json\/wp\/v2\/media?parent=213"}],"curies":[{"name":"wp","href":"https:\/\/api.w.org\/{rel}","templated":true}]}}