{"id":4380,"date":"2017-10-10T18:17:58","date_gmt":"2017-10-10T17:17:58","guid":{"rendered":"http:\/\/www.downcentar.hr\/?page_id=4380"},"modified":"2017-10-10T21:43:14","modified_gmt":"2017-10-10T20:43:14","slug":"video","status":"publish","type":"page","link":"https:\/\/www.downcentar.hr\/hr\/video\/","title":{"rendered":"Video"},"content":{"rendered":"<p><strong>Svjetski dan djece sa Down syndrome u Puli 2016.<\/strong><\/p>\n<div class=\"wonderplugingallery-container\" id=\"wonderplugingallery-container-1\" style=\"max-width:640px;margin:0 auto;\"><div class=\"wonderplugingallery\" id=\"wonderplugingallery-1\" data-galleryid=\"1\" data-width=\"640\" data-height=\"360\" data-skin=\"gallerywithtext\" data-random=\"false\" data-autoslide=\"false\" data-autoplayvideo=\"false\" data-schemamarkup=\"false\" data-stopallplaying=\"false\" data-hidetitlewhenvideoisplaying=\"false\" data-disablehovereventontouch=\"false\" data-autoslideandplayafterfirstplayed=\"false\" data-html5player=\"true\" data-responsive=\"true\" data-fullwidth=\"false\" data-showtitle=\"true\" data-showdescription=\"true\" data-showplaybutton=\"true\" data-showfullscreenbutton=\"true\" data-showtimer=\"true\" data-showcarousel=\"true\" data-galleryshadow=\"false\" data-slideshadow=\"true\" data-thumbshowtitle=\"false\" data-thumbshadow=\"true\" data-lightboxshowtitle=\"true\" data-lightboxshowdescription=\"true\" data-specifyid=\"true\" data-donotinit=\"false\" data-addinitscript=\"false\" data-triggerresize=\"false\" data-thumbcolumnsresponsive=\"false\" data-showimgtitle=\"false\" data-titlesmallscreen=\"true\" data-initsocial=\"true\" data-showsocial=\"false\" data-showemail=\"false\" data-showfacebook=\"true\" data-showtwitter=\"true\" data-showpinterest=\"true\" data-socialrotateeffect=\"true\" data-doshortcodeontext=\"false\" data-duration=\"1500\" data-slideduration=\"1000\" data-slideshowinterval=\"6000\" data-googleanalyticsaccount=\"\" data-resizemode=\"fill\" data-imagetoolboxmode=\"mouseover\" data-effect=\"fade\" data-padding=\"12\" data-bgcolor=\"\" data-bgimage=\"\" data-thumbwidth=\"120\" data-thumbheight=\"60\" data-thumbgap=\"8\" data-thumbrowgap=\"16\" data-lightboxtextheight=\"72\" data-lightboxtitlecss=\"{color:#333333; font:bold 12px Arial,Helvetica,sans-serif; overflow:hidden; white-space:normal; line-height:18px;}\" data-lightboxdescriptioncss=\"{color:#333333; font:normal 12px Arial,Helvetica,sans-serif; overflow:hidden; white-space:normal; line-height:14px;}\" data-titlecss=\"{color:#333;font-size:14px;font-family:Armata,sans-serif,Arial;overflow:hidden;text-align:center;padding:16px 8px 4px 8px;}\" data-descriptioncss=\"{color:#333;font-size:12px;font-family:Arial,Helvetica,sans-serif;overflow:hidden;text-align:center;padding:4px 8px; }\" data-titleheight=\"72\" data-titlesmallscreenwidth=\"640\" data-titleheightsmallscreen=\"148\" data-socialmode=\"mouseover\" data-socialposition=\"position:absolute;top:8px;right:8px;\" data-socialpositionlightbox=\"position:absolute;top:8px;right:8px;\" data-socialdirection=\"horizontal\" data-socialbuttonsize=\"32\" data-socialbuttonfontsize=\"18\" data-triggerresizedelay=\"100\" data-thumbmediumsize=\"800\" data-thumbsmallsize=\"480\" data-thumbmediumwidth=\"64\" data-thumbmediumheight=\"64\" data-thumbsmallwidth=\"48\" data-thumbsmallheight=\"48\" data-imgtitle=\"title\" data-jsfolder=\"https:\/\/www.downcentar.hr\/wp-content\/plugins\/wonderplugin-gallery\/engine\/\" style=\"display:none;\" ><a href=\"https:\/\/www.youtube.com\/embed\/x90hnirLrds?feature=youtu.be\" data-poster=\"https:\/\/i0.wp.com\/img.youtube.com\/vi\/x90hnirLrds\/0.jpg?w=578&#038;ssl=1\"><img decoding=\"async\" class=\"html5galleryimg\" src=\"https:\/\/i0.wp.com\/img.youtube.com\/vi\/x90hnirLrds\/0.jpg?w=578&#038;ssl=1\" alt=\"KANAL Ri \u2013 DAN DJECE S DOWN SINDROMOM\" data-recalc-dims=\"1\"><\/a><a href=\"https:\/\/www.youtube.com\/embed\/0QNNtKdkMvY?feature=youtu.be\" data-poster=\"https:\/\/i0.wp.com\/img.youtube.com\/vi\/0QNNtKdkMvY\/0.jpg?w=578&#038;ssl=1\"><img decoding=\"async\" class=\"html5galleryimg\" src=\"https:\/\/i0.wp.com\/img.youtube.com\/vi\/0QNNtKdkMvY\/0.jpg?w=578&#038;ssl=1\" alt=\"Svjetski dan osoba s Down sindromom 2016.\" data-recalc-dims=\"1\"><\/a><div class=\"wonderplugin-engine\"><a href=\"http:\/\/www.wonderplugin.com\/wordpress-gallery\/\" title=\"Responsive WordPress Image Gallery Plugin\">Responsive WordPress Image Gallery Plugin<\/a><\/div><\/div><\/div>\n","protected":false},"excerpt":{"rendered":"<p>Svjetski dan djece sa Down syndrome u Puli 2016. Responsive WordPress Image Gallery Plugin<\/p>\n","protected":false},"author":1,"featured_media":0,"parent":0,"menu_order":0,"comment_status":"closed","ping_status":"closed","template":"","meta":{"pgc_sgb_lightbox_settings":"","jetpack_post_was_ever_published":false,"footnotes":""},"aioseo_notices":[],"jetpack_sharing_enabled":true,"jetpack_shortlink":"https:\/\/wp.me\/P78Mt7-18E","jetpack-related-posts":[{"id":1390,"url":"https:\/\/www.downcentar.hr\/hr\/down-syndrom-centar-pula-slavi-svjetski-dan-osoba-sa-down-sindromom-i-obiljezava-10-obljetnicu-svoga-rada\/","url_meta":{"origin":4380,"position":0},"title":"Down syndrom centar Pula slavi Svjetski dan osoba sa Down sindromom i obilje\u017eava 10 obljetnicu svoga rada! :)","author":"admin","date":"18\/03\/2016","format":false,"excerpt":"Down syndrom centar Pula slavi Svjetski dan osoba sa Down sindromom i obilje\u017eava 10 obljetnicu svoga rada! Do\u0111ite u ponedjeljak 21.03 u 11,00 sati na Trg Portarata u Puli, proveseliti se sa nama, na\u0161im prijateljima i dragim gostima.\u201c","rel":"","context":"Srodne objave","block_context":{"text":"Srodne objave","link":""},"img":{"alt_text":"plakat-dsc","src":"https:\/\/i0.wp.com\/www.downcentar.hr\/wp-content\/uploads\/2016\/03\/plakat-dsc.jpg?resize=350%2C200","width":350,"height":200,"srcset":"https:\/\/i0.wp.com\/www.downcentar.hr\/wp-content\/uploads\/2016\/03\/plakat-dsc.jpg?resize=350%2C200 1x, https:\/\/i0.wp.com\/www.downcentar.hr\/wp-content\/uploads\/2016\/03\/plakat-dsc.jpg?resize=525%2C300 1.5x"},"classes":[]},{"id":20,"url":"https:\/\/www.downcentar.hr\/hr\/o-centru\/","url_meta":{"origin":4380,"position":1},"title":"O centru","author":"admin","date":"23\/11\/2015","format":false,"excerpt":"Centar za rehabilitaciju Down syndrom centar Pula je nevladina i neprofitna ustanova socijalne skrbi osnovana 2005.godine. Prva smo i jedina ustanova te vrste u Hrvatskoj a do kraja 2015.god. je u na\u0161e habilitacijske i rehabilitacijske aktivnosti bilo uklju\u010deno vi\u0161e od 360 obitelji iz cijele Hrvatske te preko 50 obitelji iz\u2026","rel":"","context":"Srodne objave","block_context":{"text":"Srodne objave","link":""},"img":{"alt_text":"34","src":"https:\/\/i0.wp.com\/www.downcentar.hr\/wp-content\/uploads\/2015\/11\/34.jpg?resize=350%2C200","width":350,"height":200,"srcset":"https:\/\/i0.wp.com\/www.downcentar.hr\/wp-content\/uploads\/2015\/11\/34.jpg?resize=350%2C200 1x, https:\/\/i0.wp.com\/www.downcentar.hr\/wp-content\/uploads\/2015\/11\/34.jpg?resize=525%2C300 1.5x"},"classes":[]},{"id":213,"url":"https:\/\/www.downcentar.hr\/hr\/upute-za-dolazak\/","url_meta":{"origin":4380,"position":2},"title":"Upute za dolazak","author":"admin","date":"10\/12\/2015","format":false,"excerpt":"1. Roditelji dogovaraju termin rehabilitacije sa DSC Pula. Po\u0161aljite nam upit o slobodnom terminu putem web stranice ili nas kontaktirajte telefonom. 2. Nakon dogovora termina rehabilitacije sa DSC Pula podnesite zahtjev za rehabilitaciju\u00a0 nadle\u017enom Centru za socijalnu skrb. Molimo da isto u\u010dinite najkasnije 30 dana prije dolaska na rehabilitaciju a\u2026","rel":"","context":"Srodne objave","block_context":{"text":"Srodne objave","link":""},"img":{"alt_text":"","src":"","width":0,"height":0},"classes":[]},{"id":4677,"url":"https:\/\/www.downcentar.hr\/hr\/pravo-na-pristup-informacijama\/","url_meta":{"origin":4380,"position":3},"title":"Pravo na pristup informacijama","author":"admin","date":"01\/02\/2018","format":false,"excerpt":"Pravo na pristup informacijama i ponovnu uporabu informacija Down syndrome centar Pula Temeljem \u010dlanka 3. Zakona o pravu na pristup informacijama (\u00bbNarodne novine\u00ab, broj 25\/13) ure\u0111eno je pravo na pristup informacijama fizi\u010dkim i pravnim osobama putem otvorenosti i javnosti djelovanja tijela javne vlasti. Pravo na pristup informacijama i ponovnu uporabu\u2026","rel":"","context":"Srodne objave","block_context":{"text":"Srodne objave","link":""},"img":{"alt_text":"","src":"","width":0,"height":0},"classes":[]},{"id":216,"url":"https:\/\/www.downcentar.hr\/hr\/kontakt\/","url_meta":{"origin":4380,"position":4},"title":"Kontakt","author":"admin","date":"10\/12\/2015","format":false,"excerpt":"Centar za rehabilitaciju Down sindrom centar Pula Gajeva 14, p.p. 80, 52100 Pula Ravnatelj: Branka Butorac, dr.med. Telefon: +385 52 222 204 Fax: + 385 52 222 212 www.downcentar.hr info@downcentar.hr \u00a0","rel":"","context":"Srodne objave","block_context":{"text":"Srodne objave","link":""},"img":{"alt_text":"","src":"","width":0,"height":0},"classes":[]},{"id":223,"url":"https:\/\/www.downcentar.hr\/hr\/termini-rezervacija\/","url_meta":{"origin":4380,"position":5},"title":"Rehabilitacijski termini","author":"admin","date":"11\/12\/2015","format":false,"excerpt":"Napomena: Rehabilitacijski termini \u2013mogu\u0107i su upiti o slobodnim terminima samo u dole navedenim datumima, izvan navedenih datuma nije\u00a0 mogu\u0107e poslati upit Upit o slobodnom terminu vr\u0161ite tako da u kalendaru kliknete na\u00a0dostupne dane, a popis slobodnih dana\/termina provjerite u tablici ispod, te ispunite polja u desnoj rubrici kao \u0161to su\u2026","rel":"","context":"Srodne objave","block_context":{"text":"Srodne objave","link":""},"img":{"alt_text":"","src":"","width":0,"height":0},"classes":[]}],"_links":{"self":[{"href":"https:\/\/www.downcentar.hr\/hr\/wp-json\/wp\/v2\/pages\/4380"}],"collection":[{"href":"https:\/\/www.downcentar.hr\/hr\/wp-json\/wp\/v2\/pages"}],"about":[{"href":"https:\/\/www.downcentar.hr\/hr\/wp-json\/wp\/v2\/types\/page"}],"author":[{"embeddable":true,"href":"https:\/\/www.downcentar.hr\/hr\/wp-json\/wp\/v2\/users\/1"}],"replies":[{"embeddable":true,"href":"https:\/\/www.downcentar.hr\/hr\/wp-json\/wp\/v2\/comments?post=4380"}],"version-history":[{"count":3,"href":"https:\/\/www.downcentar.hr\/hr\/wp-json\/wp\/v2\/pages\/4380\/revisions"}],"predecessor-version":[{"id":4387,"href":"https:\/\/www.downcentar.hr\/hr\/wp-json\/wp\/v2\/pages\/4380\/revisions\/4387"}],"wp:attachment":[{"href":"https:\/\/www.downcentar.hr\/hr\/wp-json\/wp\/v2\/media?parent=4380"}],"curies":[{"name":"wp","href":"https:\/\/api.w.org\/{rel}","templated":true}]}}