{"id":900,"date":"2016-02-12T12:22:16","date_gmt":"2016-02-12T11:22:16","guid":{"rendered":"http:\/\/www.downcentar.hr\/?page_id=900"},"modified":"2016-02-12T12:27:09","modified_gmt":"2016-02-12T11:27:09","slug":"kontakt-obrazac-2","status":"publish","type":"page","link":"https:\/\/www.downcentar.hr\/hr\/kontakt-obrazac-2\/","title":{"rendered":"Kontakt obrazac 2"},"content":{"rendered":"\n<div class=\"wpcf7 no-js\" id=\"wpcf7-f899-o1\" lang=\"hr\" dir=\"ltr\">\n<div class=\"screen-reader-response\"><p role=\"status\" aria-live=\"polite\" aria-atomic=\"true\"><\/p> <ul><\/ul><\/div>\n<form action=\"\/hr\/wp-json\/wp\/v2\/pages\/900#wpcf7-f899-o1\" method=\"post\" class=\"wpcf7-form init\" aria-label=\"Kontakt obrazac\" enctype=\"multipart\/form-data\" novalidate=\"novalidate\" data-status=\"init\">\n<div style=\"display: none;\">\n<input type=\"hidden\" name=\"_wpcf7\" value=\"899\" \/>\n<input type=\"hidden\" name=\"_wpcf7_version\" value=\"5.8.3\" \/>\n<input type=\"hidden\" name=\"_wpcf7_locale\" value=\"hr\" \/>\n<input type=\"hidden\" name=\"_wpcf7_unit_tag\" value=\"wpcf7-f899-o1\" \/>\n<input type=\"hidden\" name=\"_wpcf7_container_post\" value=\"0\" \/>\n<input type=\"hidden\" name=\"_wpcf7_posted_data_hash\" value=\"\" \/>\n<input type=\"hidden\" name=\"_wpcf7_recaptcha_response\" value=\"\" \/>\n<\/div>\n<p>Va\u0161e ime (obavezno)\n<\/p>\n<p><span class=\"wpcf7-form-control-wrap\" data-name=\"your-name\"><input size=\"40\" class=\"wpcf7-form-control wpcf7-text wpcf7-validates-as-required\" aria-required=\"true\" aria-invalid=\"false\" value=\"\" type=\"text\" name=\"your-name\" \/><\/span>\n<\/p>\n<p>Va\u0161 email (obavezno)\n<\/p>\n<p><span class=\"wpcf7-form-control-wrap\" data-name=\"your-email\"><input size=\"40\" class=\"wpcf7-form-control wpcf7-email wpcf7-validates-as-required wpcf7-text wpcf7-validates-as-email\" aria-required=\"true\" aria-invalid=\"false\" value=\"\" type=\"email\" name=\"your-email\" \/><\/span>\n<\/p>\n<p>Predmet\n<\/p>\n<p><span class=\"wpcf7-form-control-wrap\" data-name=\"your-subject\"><input size=\"40\" class=\"wpcf7-form-control wpcf7-text\" aria-invalid=\"false\" value=\"\" type=\"text\" name=\"your-subject\" \/><\/span>\n<\/p>\n<p>Po\u0161aljite dokument\n<\/p>\n<p><span class=\"wpcf7-form-control-wrap\" data-name=\"datoteka\"><input size=\"40\" class=\"wpcf7-form-control wpcf7-file\" accept=\"audio\/*,video\/*,image\/*\" aria-invalid=\"false\" type=\"file\" name=\"datoteka\" \/><\/span>\n<\/p>\n<p>Va\u0161a poruka\n<\/p>\n<p><span class=\"wpcf7-form-control-wrap\" data-name=\"your-message\"><textarea cols=\"40\" rows=\"10\" class=\"wpcf7-form-control wpcf7-textarea\" aria-invalid=\"false\" name=\"your-message\"><\/textarea><\/span>\n<\/p>\n<p><input class=\"wpcf7-form-control wpcf7-submit has-spinner\" type=\"submit\" value=\"Po\u0161alji\" \/>\n<\/p><p style=\"display: none !important;\"><label>&#916;<textarea name=\"_wpcf7_ak_hp_textarea\" cols=\"45\" rows=\"8\" maxlength=\"100\"><\/textarea><\/label><input type=\"hidden\" id=\"ak_js_1\" name=\"_wpcf7_ak_js\" value=\"117\"\/><script>document.getElementById( \"ak_js_1\" ).setAttribute( \"value\", ( new Date() ).getTime() );<\/script><\/p><div class=\"wpcf7-response-output\" aria-hidden=\"true\"><\/div>\n<\/form>\n<\/div>\n\n","protected":false},"excerpt":{"rendered":"<p>Va\u0161e ime (obavezno) Va\u0161 email (obavezno) Predmet Po\u0161aljite dokument Va\u0161a poruka &#916;<\/p>\n","protected":false},"author":1,"featured_media":0,"parent":0,"menu_order":0,"comment_status":"closed","ping_status":"closed","template":"","meta":{"pgc_sgb_lightbox_settings":"","jetpack_post_was_ever_published":false,"footnotes":""},"aioseo_notices":[],"jetpack_sharing_enabled":true,"jetpack_shortlink":"https:\/\/wp.me\/P78Mt7-ew","jetpack-related-posts":[{"id":216,"url":"https:\/\/www.downcentar.hr\/hr\/kontakt\/","url_meta":{"origin":900,"position":0},"title":"Kontakt","author":"admin","date":"10\/12\/2015","format":false,"excerpt":"Centar za rehabilitaciju Down sindrom centar Pula Gajeva 14, p.p. 80, 52100 Pula Ravnatelj: Branka Butorac, dr.med. Telefon: +385 52 222 204 Fax: + 385 52 222 212 www.downcentar.hr info@downcentar.hr \u00a0","rel":"","context":"Srodne objave","block_context":{"text":"Srodne objave","link":""},"img":{"alt_text":"","src":"","width":0,"height":0},"classes":[]},{"id":223,"url":"https:\/\/www.downcentar.hr\/hr\/termini-rezervacija\/","url_meta":{"origin":900,"position":1},"title":"Rehabilitacijski termini","author":"admin","date":"11\/12\/2015","format":false,"excerpt":"Napomena: Rehabilitacijski termini \u2013mogu\u0107i su upiti o slobodnim terminima samo u dole navedenim datumima, izvan navedenih datuma nije\u00a0 mogu\u0107e poslati upit Upit o slobodnom terminu vr\u0161ite tako da u kalendaru kliknete na\u00a0dostupne dane, a popis slobodnih dana\/termina provjerite u tablici ispod, te ispunite polja u desnoj rubrici kao \u0161to su\u2026","rel":"","context":"Srodne objave","block_context":{"text":"Srodne objave","link":""},"img":{"alt_text":"","src":"","width":0,"height":0},"classes":[]},{"id":4380,"url":"https:\/\/www.downcentar.hr\/hr\/video\/","url_meta":{"origin":900,"position":2},"title":"Video","author":"admin","date":"10\/10\/2017","format":false,"excerpt":"Svjetski dan djece sa Down syndrome u Puli 2016.","rel":"","context":"Srodne objave","block_context":{"text":"Srodne objave","link":""},"img":{"alt_text":"","src":"","width":0,"height":0},"classes":[]},{"id":213,"url":"https:\/\/www.downcentar.hr\/hr\/upute-za-dolazak\/","url_meta":{"origin":900,"position":3},"title":"Upute za dolazak","author":"admin","date":"10\/12\/2015","format":false,"excerpt":"1. Roditelji dogovaraju termin rehabilitacije sa DSC Pula. Po\u0161aljite nam upit o slobodnom terminu putem web stranice ili nas kontaktirajte telefonom. 2. Nakon dogovora termina rehabilitacije sa DSC Pula podnesite zahtjev za rehabilitaciju\u00a0 nadle\u017enom Centru za socijalnu skrb. Molimo da isto u\u010dinite najkasnije 30 dana prije dolaska na rehabilitaciju a\u2026","rel":"","context":"Srodne objave","block_context":{"text":"Srodne objave","link":""},"img":{"alt_text":"","src":"","width":0,"height":0},"classes":[]},{"id":83,"url":"https:\/\/www.downcentar.hr\/hr\/o-down-sindromu\/","url_meta":{"origin":900,"position":4},"title":"O Down sindromu","author":"admin","date":"02\/12\/2015","format":false,"excerpt":"Uzrok Down - ovog sindroma otkrio je 1959. godine francuski geneti\u010dar, prof . Jerome Lejeune . Na 21. paru kromosoma otkrio je jo\u0161 jedan kromosom vi\u0161ka, umjesto 2, tu se nalazilo 3 kromosoma, a u cijeloj stanici umjesto 46, ukupno 47 kromosoma. Takav poreme\u0107aj nalazi se kod svakog \u010dovjeka s\u2026","rel":"","context":"Srodne objave","block_context":{"text":"Srodne objave","link":""},"img":{"alt_text":"down-djvojcica","src":"https:\/\/i0.wp.com\/www.downcentar.hr\/wp-content\/uploads\/2015\/12\/down-djvojcica.jpg?resize=350%2C200","width":350,"height":200,"srcset":"https:\/\/i0.wp.com\/www.downcentar.hr\/wp-content\/uploads\/2015\/12\/down-djvojcica.jpg?resize=350%2C200 1x, https:\/\/i0.wp.com\/www.downcentar.hr\/wp-content\/uploads\/2015\/12\/down-djvojcica.jpg?resize=525%2C300 1.5x, https:\/\/i0.wp.com\/www.downcentar.hr\/wp-content\/uploads\/2015\/12\/down-djvojcica.jpg?resize=700%2C400 2x"},"classes":[]},{"id":4677,"url":"https:\/\/www.downcentar.hr\/hr\/pravo-na-pristup-informacijama\/","url_meta":{"origin":900,"position":5},"title":"Pravo na pristup informacijama","author":"admin","date":"01\/02\/2018","format":false,"excerpt":"Pravo na pristup informacijama i ponovnu uporabu informacija Down syndrome centar Pula Temeljem \u010dlanka 3. Zakona o pravu na pristup informacijama (\u00bbNarodne novine\u00ab, broj 25\/13) ure\u0111eno je pravo na pristup informacijama fizi\u010dkim i pravnim osobama putem otvorenosti i javnosti djelovanja tijela javne vlasti. Pravo na pristup informacijama i ponovnu uporabu\u2026","rel":"","context":"Srodne objave","block_context":{"text":"Srodne objave","link":""},"img":{"alt_text":"","src":"","width":0,"height":0},"classes":[]}],"_links":{"self":[{"href":"https:\/\/www.downcentar.hr\/hr\/wp-json\/wp\/v2\/pages\/900"}],"collection":[{"href":"https:\/\/www.downcentar.hr\/hr\/wp-json\/wp\/v2\/pages"}],"about":[{"href":"https:\/\/www.downcentar.hr\/hr\/wp-json\/wp\/v2\/types\/page"}],"author":[{"embeddable":true,"href":"https:\/\/www.downcentar.hr\/hr\/wp-json\/wp\/v2\/users\/1"}],"replies":[{"embeddable":true,"href":"https:\/\/www.downcentar.hr\/hr\/wp-json\/wp\/v2\/comments?post=900"}],"version-history":[{"count":0,"href":"https:\/\/www.downcentar.hr\/hr\/wp-json\/wp\/v2\/pages\/900\/revisions"}],"wp:attachment":[{"href":"https:\/\/www.downcentar.hr\/hr\/wp-json\/wp\/v2\/media?parent=900"}],"curies":[{"name":"wp","href":"https:\/\/api.w.org\/{rel}","templated":true}]}}